{"id":1035,"date":"2014-09-16T12:51:46","date_gmt":"2014-09-16T12:51:46","guid":{"rendered":"http:\/\/rodgaard.gowp.dk\/?page_id=1035"},"modified":"2023-05-02T11:24:41","modified_gmt":"2023-05-02T11:24:41","slug":"forside","status":"publish","type":"page","link":"https:\/\/rodgaard-camping.dk\/de\/","title":{"rendered":"Home"},"content":{"rendered":"\n\t\t<!-- MasterSlider -->\n\t\t<div id=\"P_MS69eb808bd76c9\" class=\"master-slider-parent ms-parent-id-1\"  >\n\t\t\t\t\n\t\t\t\n\t\t\t<!-- MasterSlider Main -->\n\t\t\t<div id=\"MS69eb808bd76c9\" class=\"master-slider ms-skin-default\" >\n\t\t\t\t \t\t\t\t \n\t\t\t\t<div  class=\"ms-slide\" data-delay=\"4.7\" data-fill-mode=\"fill\"  >\n\t\t\t\t\t<img src=\"https:\/\/rodgaard-camping.dk\/de\/wp-content\/plugins\/masterslider\/public\/assets\/js\/blank.gif\" alt=\"\" title=\"\" data-src=\"http:\/\/rodgaard-camping.dk\/de\/wp-content\/uploads\/2014\/09\/bg-slide02.jpg\" \/>\n\n\t\t\t\t\t<div  class=\"ms-layer  msp-cn-1-32\" style=\"\"  data-effect=\"t(true,n,0,n,n,n,n,n,n,n,n,n,n,n,n)\" data-duration=\"1762\" data-delay=\"2062\" data-ease=\"easeOutQuint\"                data-offset-x=\"40\" data-offset-y=\"282\" data-origin=\"tl\" >\n\u2013 Ein Erlebniss f\u00fcr die ganze Familie\u2026<\/div>\n\n\t\t\t\t\t<div  class=\"ms-layer  msp-cn-1-31\" style=\"\"  data-effect=\"t(true,n,500,n,n,n,n,n,n,n,n,n,n,n,n)\" data-duration=\"2525\" data-delay=\"237\" data-ease=\"easeOutQuint\"                data-offset-x=\"40\" data-offset-y=\"171\" data-origin=\"tl\" >\nWILLKOMMEN BEI<br \/>R\u00d8DGAARD CAMPING<\/div>\n\n\t\t\t\t\t<img  class=\"ms-layer\" src=\"https:\/\/rodgaard-camping.dk\/de\/wp-content\/plugins\/masterslider\/public\/assets\/js\/blank.gif\" data-src=\"http:\/\/rodgaard-camping.dk\/de\/wp-content\/uploads\/2014\/09\/sliider_pic01.png\" alt=\"\" style=\"\" data-effect=\"t(true,0,150,n,n,0,0,12,n,n,n,n,n,n,n)\" data-duration=\"1362\" data-delay=\"3112\" data-ease=\"easeOutQuint\"        data-type=\"image\"         data-offset-x=\"792\" data-offset-y=\"123\" data-origin=\"tl\" \/>\n\n\t\t\t\t\t<img  class=\"ms-layer\" src=\"https:\/\/rodgaard-camping.dk\/de\/wp-content\/plugins\/masterslider\/public\/assets\/js\/blank.gif\" data-src=\"http:\/\/rodgaard-camping.dk\/de\/wp-content\/uploads\/2014\/09\/sliider_pic02.png\" alt=\"\" style=\"\" data-effect=\"t(true,n,-150,n,n,n,n,-24,n,n,n,n,n,n,n)\" data-duration=\"1437\" data-delay=\"3512\" data-ease=\"easeOutQuint\"        data-type=\"image\"         data-offset-x=\"764\" data-offset-y=\"-20\" data-origin=\"tl\" \/>\n\n\t\t\t\t\t<img  class=\"ms-layer\" src=\"https:\/\/rodgaard-camping.dk\/de\/wp-content\/plugins\/masterslider\/public\/assets\/js\/blank.gif\" data-src=\"http:\/\/rodgaard-camping.dk\/de\/wp-content\/uploads\/2014\/09\/sliider_pic03.png\" alt=\"\" style=\"\" data-effect=\"t(true,n,-150,n,n,n,n,28,n,n,n,n,n,n,n)\" data-duration=\"1225\" data-delay=\"3862\" data-ease=\"easeOutQuint\"        data-type=\"image\"         data-offset-x=\"497\" data-offset-y=\"-20\" data-origin=\"tl\" \/>\n\n\t\t\t\t\t<img  class=\"ms-layer\" src=\"https:\/\/rodgaard-camping.dk\/de\/wp-content\/plugins\/masterslider\/public\/assets\/js\/blank.gif\" data-src=\"http:\/\/rodgaard-camping.dk\/de\/wp-content\/uploads\/2014\/09\/sliider_pic04.png\" alt=\"\" style=\"\" data-effect=\"t(true,n,150,n,n,n,n,-24,n,n,n,n,n,n,n)\"  data-delay=\"4325\" data-ease=\"easeOutQuint\"        data-type=\"image\"         data-offset-x=\"552\" data-offset-y=\"127\" data-origin=\"tl\" \/>\n\n\n\t\t\t\t<\/div>\n\n\t\t\t<\/div>\n\t\t\t<!-- END MasterSlider Main -->\n\n\t\t\t \n\t\t<\/div>\n\t\t<!-- END MasterSlider --> \n\t\t\n\t\t<script>\n\t\t(function ( $ ) {\n\t\t\t\"use strict\";\n\n\t\t\t$(function () {\n\t\t\t\tvar masterslider_76c9 = new MasterSlider();\n\n\t\t\t\t\/\/ slider controls\n                    \n\t\t\t\t\/\/ slider setup\n\t\t\t\tmasterslider_76c9.setup(\"MS69eb808bd76c9\", {\n\t\t\t\t\t\twidth           : 1140,\n\t\t\t\t\t\theight          : 350,\n\t\t\t\t\t\tspace           : 0,\n\t\t\t\t\t\tstart           : 1,\n\t\t\t\t\t\tgrabCursor      : true,\n\t\t\t\t\t\tswipe           : true,\n\t\t\t\t\t\tmouse           : true,\n\t\t\t\t\t\tlayout          : \"fullwidth\", \n\t\t\t\t\t\twheel           : false,\n\t\t\t\t\t\tautoplay        : true,\n\t\t\t\t\t\tinstantStartLayers:false,\n\t\t\t\t\t\tloop            : true,\n\t\t\t\t\t\tshuffle         : false,\n\t\t\t\t\t\tpreload         : 2,\n\t\t\t\t\t\theightLimit     : true,\n\t\t\t\t\t\tautoHeight      : false,\n\t\t\t\t\t\tsmoothHeight    : true,\n\t\t\t\t\t\tendPause        : false,\n\t\t\t\t\t\toverPause       : false,\n\t\t\t\t\t\tfillMode        : \"fill\", \n\t\t\t\t\t\tcenterControls  : true,\n\t\t\t\t\t\tlayersMode      : \"center\", \n\t\t\t\t\t\thideLayers      : false, \n\t\t\t\t\t\tfullscreenMargin: 0,\n\t\t\t\t\t\tspeed           : 20, \n\t\t\t\t\t\tdir             : \"h\", \n\t\t\t\t\t\tparallaxMode    : 'swipe',\n\t\t\t\t\t\tview            : \"basic\"\n\t\t\t\t});\n\t\t\t\t\n\n\t\t\t\t\n\t\t\t\t$(\"head\").append( \"<link rel='stylesheet' id='ms-fonts'  href='http:\/\/fonts.googleapis.com\/css?family=Roboto:regular|Architects+Daughter:regular' type='text\/css' media='all' \/>\" );\n\n\t\t\t\twindow.masterslider_instances = window.masterslider_instances || {};\n\t\t\t\twindow.masterslider_instances[\"1_76c9\"] = masterslider_76c9;\n\t\t\t });\n\t\t\t\n\t\t})(jQuery);\n\t\t<\/script> \n\t\t\n\n","protected":false},"excerpt":{"rendered":"","protected":false},"author":1,"featured_media":0,"parent":0,"menu_order":0,"comment_status":"closed","ping_status":"closed","template":"","meta":{"_exactmetrics_skip_tracking":false,"_exactmetrics_sitenote_active":false,"_exactmetrics_sitenote_note":"","_exactmetrics_sitenote_category":0},"yoast_head":"<!-- This site is optimized with the Yoast SEO plugin v20.5 - https:\/\/yoast.com\/wordpress\/plugins\/seo\/ -->\n<title>Campingplatz Fan\u00f6 |\u00a0R\u00f8dgaard Camping auf Fan\u00f6<\/title>\n<meta name=\"robots\" content=\"index, follow, max-snippet:-1, max-image-preview:large, max-video-preview:-1\" \/>\n<link rel=\"canonical\" href=\"https:\/\/rodgaard-camping.dk\/de\/\" \/>\n<meta property=\"og:locale\" content=\"da_DK\" \/>\n<meta property=\"og:type\" content=\"article\" \/>\n<meta property=\"og:title\" content=\"Campingplatz Fan\u00f6 |\u00a0R\u00f8dgaard Camping auf Fan\u00f6\" \/>\n<meta property=\"og:url\" content=\"https:\/\/rodgaard-camping.dk\/de\/\" \/>\n<meta property=\"og:site_name\" content=\"R\u00f8dgaard Camping - Fan\u00f8\" \/>\n<meta property=\"article:modified_time\" content=\"2023-05-02T11:24:41+00:00\" \/>\n<meta name=\"twitter:card\" content=\"summary_large_image\" \/>\n<meta name=\"twitter:label1\" content=\"Estimeret l\u00e6setid\" \/>\n\t<meta name=\"twitter:data1\" content=\"1 minut\" \/>\n<script type=\"application\/ld+json\" class=\"yoast-schema-graph\">{\"@context\":\"https:\/\/schema.org\",\"@graph\":[{\"@type\":\"WebPage\",\"@id\":\"https:\/\/rodgaard-camping.dk\/de\/\",\"url\":\"https:\/\/rodgaard-camping.dk\/de\/\",\"name\":\"Campingplatz Fan\u00f6 |\u00a0R\u00f8dgaard Camping auf Fan\u00f6\",\"isPartOf\":{\"@id\":\"https:\/\/rodgaard-camping.dk\/de\/#website\"},\"datePublished\":\"2014-09-16T12:51:46+00:00\",\"dateModified\":\"2023-05-02T11:24:41+00:00\",\"breadcrumb\":{\"@id\":\"https:\/\/rodgaard-camping.dk\/de\/#breadcrumb\"},\"inLanguage\":\"da-DK\",\"potentialAction\":[{\"@type\":\"ReadAction\",\"target\":[\"https:\/\/rodgaard-camping.dk\/de\/\"]}]},{\"@type\":\"BreadcrumbList\",\"@id\":\"https:\/\/rodgaard-camping.dk\/de\/#breadcrumb\",\"itemListElement\":[{\"@type\":\"ListItem\",\"position\":1,\"name\":\"Hjem\",\"item\":\"https:\/\/rodgaard-camping.dk\/de\/\"},{\"@type\":\"ListItem\",\"position\":2,\"name\":\"Home\"}]},{\"@type\":\"WebSite\",\"@id\":\"https:\/\/rodgaard-camping.dk\/de\/#website\",\"url\":\"https:\/\/rodgaard-camping.dk\/de\/\",\"name\":\"R\u00f8dgaard Camping - Fan\u00f8\",\"description\":\"For hele Familien\",\"potentialAction\":[{\"@type\":\"SearchAction\",\"target\":{\"@type\":\"EntryPoint\",\"urlTemplate\":\"https:\/\/rodgaard-camping.dk\/de\/?s={search_term_string}\"},\"query-input\":\"required name=search_term_string\"}],\"inLanguage\":\"da-DK\"}]}<\/script>\n<!-- \/ Yoast SEO plugin. -->","yoast_head_json":{"title":"Campingplatz Fan\u00f6 |\u00a0R\u00f8dgaard Camping auf Fan\u00f6","robots":{"index":"index","follow":"follow","max-snippet":"max-snippet:-1","max-image-preview":"max-image-preview:large","max-video-preview":"max-video-preview:-1"},"canonical":"https:\/\/rodgaard-camping.dk\/de\/","og_locale":"da_DK","og_type":"article","og_title":"Campingplatz Fan\u00f6 |\u00a0R\u00f8dgaard Camping auf Fan\u00f6","og_url":"https:\/\/rodgaard-camping.dk\/de\/","og_site_name":"R\u00f8dgaard Camping - Fan\u00f8","article_modified_time":"2023-05-02T11:24:41+00:00","twitter_card":"summary_large_image","twitter_misc":{"Estimeret l\u00e6setid":"1 minut"},"schema":{"@context":"https:\/\/schema.org","@graph":[{"@type":"WebPage","@id":"https:\/\/rodgaard-camping.dk\/de\/","url":"https:\/\/rodgaard-camping.dk\/de\/","name":"Campingplatz Fan\u00f6 |\u00a0R\u00f8dgaard Camping auf Fan\u00f6","isPartOf":{"@id":"https:\/\/rodgaard-camping.dk\/de\/#website"},"datePublished":"2014-09-16T12:51:46+00:00","dateModified":"2023-05-02T11:24:41+00:00","breadcrumb":{"@id":"https:\/\/rodgaard-camping.dk\/de\/#breadcrumb"},"inLanguage":"da-DK","potentialAction":[{"@type":"ReadAction","target":["https:\/\/rodgaard-camping.dk\/de\/"]}]},{"@type":"BreadcrumbList","@id":"https:\/\/rodgaard-camping.dk\/de\/#breadcrumb","itemListElement":[{"@type":"ListItem","position":1,"name":"Hjem","item":"https:\/\/rodgaard-camping.dk\/de\/"},{"@type":"ListItem","position":2,"name":"Home"}]},{"@type":"WebSite","@id":"https:\/\/rodgaard-camping.dk\/de\/#website","url":"https:\/\/rodgaard-camping.dk\/de\/","name":"R\u00f8dgaard Camping - Fan\u00f8","description":"For hele Familien","potentialAction":[{"@type":"SearchAction","target":{"@type":"EntryPoint","urlTemplate":"https:\/\/rodgaard-camping.dk\/de\/?s={search_term_string}"},"query-input":"required name=search_term_string"}],"inLanguage":"da-DK"}]}},"_links":{"self":[{"href":"https:\/\/rodgaard-camping.dk\/de\/wp-json\/wp\/v2\/pages\/1035"}],"collection":[{"href":"https:\/\/rodgaard-camping.dk\/de\/wp-json\/wp\/v2\/pages"}],"about":[{"href":"https:\/\/rodgaard-camping.dk\/de\/wp-json\/wp\/v2\/types\/page"}],"author":[{"embeddable":true,"href":"https:\/\/rodgaard-camping.dk\/de\/wp-json\/wp\/v2\/users\/1"}],"replies":[{"embeddable":true,"href":"https:\/\/rodgaard-camping.dk\/de\/wp-json\/wp\/v2\/comments?post=1035"}],"version-history":[{"count":4,"href":"https:\/\/rodgaard-camping.dk\/de\/wp-json\/wp\/v2\/pages\/1035\/revisions"}],"predecessor-version":[{"id":1232,"href":"https:\/\/rodgaard-camping.dk\/de\/wp-json\/wp\/v2\/pages\/1035\/revisions\/1232"}],"wp:attachment":[{"href":"https:\/\/rodgaard-camping.dk\/de\/wp-json\/wp\/v2\/media?parent=1035"}],"curies":[{"name":"wp","href":"https:\/\/api.w.org\/{rel}","templated":true}]}}